{"id":194,"date":"2015-10-29T09:31:24","date_gmt":"2015-10-29T09:31:24","guid":{"rendered":"http:\/\/demowp.cththemes.net\/outdoor\/?page_id=194"},"modified":"2023-10-22T15:06:19","modified_gmt":"2023-10-22T15:06:19","slug":"about-me","status":"publish","type":"page","link":"https:\/\/bengardies.fr\/?page_id=194","title":{"rendered":"A propos"},"content":{"rendered":"<p>[vc_row cth_layout=&#8221;aboutme_sec&#8221;][vc_column offset=&#8221;vc_col-md-5&#8243;][vc_single_image image=&#8221;900&#8243; img_size=&#8221;medium&#8221; alignment=&#8221;right&#8221; style=&#8221;vc_box_shadow_border_circle_2&#8243;][\/vc_column][vc_column css_animation=&#8221;fadeIn&#8221; offset=&#8221;vc_col-md-6&#8243;][vc_column_text]<\/p>\n<h1 class=\"tw-data-text tw-text-large tw-ta\" dir=\"ltr\" data-placeholder=\"Translation\"><span class=\"Y2IQFc\" lang=\"fr\" style=\"color: #ffffff;\">Photographe d&#8217;architecture et d&#8217;int\u00e9rieur<\/span><\/h1>\n<h3 class=\"tw-data-text tw-text-large tw-ta\" dir=\"ltr\" data-placeholder=\"Translation\"><span class=\"Y2IQFc\" lang=\"fr\" style=\"color: #ffffff;\">Bas\u00e9 \u00e0 Paris et disponible \u00e0 l&#8217;\u00e9tranger, Benjamin Gardies est sp\u00e9cialis\u00e9 dans la <strong>documentation de l&#8217;environnement b\u00e2ti<\/strong>, des espaces int\u00e9rieurs et des projets de construction pour une client\u00e8le diversifi\u00e9e d<strong>&#8216;architectes<\/strong> et de <strong>designers professionnels<\/strong>. <\/span><\/h3>\n<h3 id=\"tw-target-text\" class=\"tw-data-text tw-text-large tw-ta\" dir=\"ltr\" data-placeholder=\"Translation\"><span class=\"Y2IQFc\" lang=\"fr\" style=\"color: #ffffff;\">Benjamin offre une vision unique de l&#8217;architecture. Avec un corpus d&#8217;\u0153uvres couvrant des projets architecturaux \u00e0 <strong>grande \u00e9chelle aux habitations plus petites<\/strong>, Benjamin utilise ses comp\u00e9tences derri\u00e8re la cam\u00e9ra pour capturer les <strong>nuances de la conception architecturale<\/strong> ; <strong>d\u00e9tails mat\u00e9riels, flux de mouvement, \u00e9l\u00e9ments formels et structuraux, utilisation d&#8217;un espace et contextualisation d&#8217;un b\u00e2timent dans son environnement<\/strong>. <\/span><\/h3>\n<h3 class=\"tw-data-text tw-text-large tw-ta\" dir=\"ltr\" data-placeholder=\"Translation\"><span class=\"Y2IQFc\" lang=\"fr\" style=\"color: #ffffff;\">Vous trouverez surr ce site un portfolio du travail de Benjamin en tant que <strong>photographe d&#8217;architecture<\/strong>, y compris la <strong>photographie ext\u00e9rieure et int\u00e9rieure de b\u00e2timents<\/strong> r\u00e9sidentiels, immobiliers, mus\u00e9es, universit\u00e9s et plus encore.<\/span><\/h3>\n<h2 id=\"tw-target-text\" class=\"tw-data-text tw-text-large tw-ta\" dir=\"ltr\" style=\"text-align: center;\" data-placeholder=\"Translation\"><span style=\"color: #ffffff;\">&#8211;<\/span><\/h2>\n<p class=\"tw-data-text tw-text-large tw-ta\" dir=\"ltr\" data-placeholder=\"Translation\"><span class=\"Y2IQFc\" lang=\"en\">Based in Paris and available abroad, Benjamin Gardies specializes in documenting the built environment, interior spaces and construction projects for a diverse clientele of professional architects and designers. Benjamin offers a unique vision of architecture. <\/span><\/p>\n<p class=\"tw-data-text tw-text-large tw-ta\" dir=\"ltr\" data-placeholder=\"Translation\"><span class=\"Y2IQFc\" lang=\"en\">With a body of work spanning large-scale architectural projects to smaller dwellings, Benjamin uses his skills behind the camera to capture the nuances of architectural design; material details, flow of movement, formal and structural elements, use of space and contextualization of a building in its environment. <\/span><\/p>\n<p class=\"tw-data-text tw-text-large tw-ta\" dir=\"ltr\" data-placeholder=\"Translation\"><span class=\"Y2IQFc\" lang=\"en\">On this website is a portfolio of Benjamin&#8217;s work as an architectural photographer, including exterior and interior photography of residential buildings, real estate, museums, universities and more.<\/span><\/p>\n<h2 id=\"tw-target-text\" class=\"tw-data-text tw-text-large tw-ta\" dir=\"ltr\" style=\"text-align: center;\" data-placeholder=\"Translation\"><span style=\"color: #ffffff;\">&#8211;<\/span><\/h2>\n<p>&nbsp;<\/p>\n<h4 dir=\"ltr\" style=\"text-align: center;\" data-placeholder=\"Translation\"><span style=\"color: #ffffff;\"><strong>Clients r\u00e9cents:<\/strong><\/span><\/h4>\n<h2 id=\"tw-target-text\" class=\"tw-data-text tw-text-large tw-ta\" dir=\"ltr\" style=\"text-align: center;\" data-placeholder=\"Translation\"><\/h2>\n<p dir=\"ltr\" style=\"text-align: center;\" data-placeholder=\"Translation\"><img loading=\"lazy\" decoding=\"async\" class=\"alignnone size-medium wp-image-1099\" src=\"https:\/\/bengardies.fr\/wp-content\/uploads\/2023\/10\/Logo-clients27-2.png\" alt=\"\" width=\"200\" height=\"105\" \/><img loading=\"lazy\" decoding=\"async\" class=\"alignnone size-medium wp-image-1078\" src=\"https:\/\/bengardies.fr\/wp-content\/uploads\/2023\/10\/Logo-clients6-2.png\" alt=\"\" width=\"200\" height=\"90\" \/><img loading=\"lazy\" decoding=\"async\" class=\"alignnone size-medium wp-image-1095\" src=\"https:\/\/bengardies.fr\/wp-content\/uploads\/2023\/10\/Logo-clients23-2.png\" alt=\"\" width=\"200\" height=\"80\" \/><img loading=\"lazy\" decoding=\"async\" class=\"alignnone size-medium wp-image-1080\" src=\"https:\/\/bengardies.fr\/wp-content\/uploads\/2023\/10\/Logo-clients8-2.png\" alt=\"\" width=\"200\" height=\"87\" \/><img loading=\"lazy\" decoding=\"async\" class=\"alignnone size-medium wp-image-1082\" src=\"https:\/\/bengardies.fr\/wp-content\/uploads\/2023\/10\/Logo-clients10-2.png\" alt=\"\" width=\"200\" height=\"74\" \/><img loading=\"lazy\" decoding=\"async\" class=\"alignnone size-medium wp-image-1101\" src=\"https:\/\/bengardies.fr\/wp-content\/uploads\/2023\/10\/Logo-clients29-3.png\" alt=\"\" width=\"200\" height=\"92\" \/><img loading=\"lazy\" decoding=\"async\" class=\"alignnone size-medium wp-image-1083\" src=\"https:\/\/bengardies.fr\/wp-content\/uploads\/2023\/10\/Logo-clients11-2.png\" alt=\"\" width=\"200\" height=\"95\" \/><img loading=\"lazy\" decoding=\"async\" class=\"alignnone size-medium wp-image-1127\" src=\"https:\/\/bengardies.fr\/wp-content\/uploads\/2023\/10\/Logo21-300x80.png\" alt=\"\" width=\"300\" height=\"80\" srcset=\"https:\/\/bengardies.fr\/wp-content\/uploads\/2023\/10\/Logo21-300x80.png 300w, https:\/\/bengardies.fr\/wp-content\/uploads\/2023\/10\/Logo21.png 500w\" sizes=\"auto, (max-width: 300px) 100vw, 300px\" \/><img loading=\"lazy\" decoding=\"async\" class=\"alignnone size-medium wp-image-1084\" src=\"https:\/\/bengardies.fr\/wp-content\/uploads\/2023\/10\/Logo-clients12-2.png\" alt=\"\" width=\"200\" height=\"81\" \/><img loading=\"lazy\" decoding=\"async\" class=\"alignnone size-medium wp-image-1086\" src=\"https:\/\/bengardies.fr\/wp-content\/uploads\/2023\/10\/Logo-clients14-2.png\" alt=\"\" width=\"200\" height=\"115\" \/><img loading=\"lazy\" decoding=\"async\" class=\"alignnone size-medium wp-image-1087\" src=\"https:\/\/bengardies.fr\/wp-content\/uploads\/2023\/10\/Logo-clients15-2.png\" alt=\"\" width=\"194\" height=\"200\" \/><img loading=\"lazy\" decoding=\"async\" class=\"alignnone size-medium wp-image-1097\" src=\"https:\/\/bengardies.fr\/wp-content\/uploads\/2023\/10\/Logo-clients25-2.png\" alt=\"\" width=\"200\" height=\"134\" \/><img loading=\"lazy\" decoding=\"async\" class=\"alignnone size-medium wp-image-1088\" src=\"https:\/\/bengardies.fr\/wp-content\/uploads\/2023\/10\/Logo-clients16-2.png\" alt=\"\" width=\"200\" height=\"69\" \/><img loading=\"lazy\" decoding=\"async\" class=\"alignnone size-medium wp-image-1089\" src=\"https:\/\/bengardies.fr\/wp-content\/uploads\/2023\/10\/Logo-clients17-2.png\" alt=\"\" width=\"200\" height=\"97\" \/><img loading=\"lazy\" decoding=\"async\" class=\"alignnone size-medium wp-image-1102\" src=\"https:\/\/bengardies.fr\/wp-content\/uploads\/2023\/10\/Logo-clients30-3.png\" alt=\"\" width=\"200\" height=\"75\" \/><img loading=\"lazy\" decoding=\"async\" class=\"alignnone size-medium wp-image-1090\" src=\"https:\/\/bengardies.fr\/wp-content\/uploads\/2023\/10\/Logo-clients18-2.png\" alt=\"\" width=\"200\" height=\"90\" \/><img loading=\"lazy\" decoding=\"async\" class=\"alignnone size-medium wp-image-1091\" src=\"https:\/\/bengardies.fr\/wp-content\/uploads\/2023\/10\/Logo-clients19-2.png\" alt=\"\" width=\"200\" height=\"87\" \/><img loading=\"lazy\" decoding=\"async\" class=\"alignnone size-medium wp-image-1098\" src=\"https:\/\/bengardies.fr\/wp-content\/uploads\/2023\/10\/Logo-clients26-2.png\" alt=\"\" width=\"200\" height=\"29\" \/><img loading=\"lazy\" decoding=\"async\" class=\"alignnone size-medium wp-image-1092\" src=\"https:\/\/bengardies.fr\/wp-content\/uploads\/2023\/10\/Logo-clients20-2.png\" alt=\"\" width=\"200\" height=\"99\" \/><img loading=\"lazy\" decoding=\"async\" class=\"alignnone size-medium wp-image-1100\" src=\"https:\/\/bengardies.fr\/wp-content\/uploads\/2023\/10\/Logo-clients28-3.png\" alt=\"\" width=\"129\" height=\"200\" \/><img loading=\"lazy\" decoding=\"async\" class=\"alignnone size-medium wp-image-1129\" src=\"https:\/\/bengardies.fr\/wp-content\/uploads\/2023\/10\/Logo23-300x88.png\" alt=\"\" width=\"300\" height=\"88\" srcset=\"https:\/\/bengardies.fr\/wp-content\/uploads\/2023\/10\/Logo23-300x88.png 300w, https:\/\/bengardies.fr\/wp-content\/uploads\/2023\/10\/Logo23.png 500w\" sizes=\"auto, (max-width: 300px) 100vw, 300px\" \/><img loading=\"lazy\" decoding=\"async\" class=\"alignnone size-medium wp-image-1143\" src=\"https:\/\/bengardies.fr\/wp-content\/uploads\/2023\/10\/Screenshot-2022-03-16-at-13.14.05-300x119.png\" alt=\"\" width=\"300\" height=\"119\" srcset=\"https:\/\/bengardies.fr\/wp-content\/uploads\/2023\/10\/Screenshot-2022-03-16-at-13.14.05-300x119.png 300w, https:\/\/bengardies.fr\/wp-content\/uploads\/2023\/10\/Screenshot-2022-03-16-at-13.14.05.png 500w\" sizes=\"auto, (max-width: 300px) 100vw, 300px\" \/><img loading=\"lazy\" decoding=\"async\" class=\"alignnone size-medium wp-image-1093\" src=\"https:\/\/bengardies.fr\/wp-content\/uploads\/2023\/10\/Logo-clients21-2.png\" alt=\"\" width=\"200\" height=\"95\" \/><img loading=\"lazy\" decoding=\"async\" class=\"alignnone size-medium wp-image-1128\" src=\"https:\/\/bengardies.fr\/wp-content\/uploads\/2023\/10\/Logo22-300x88.png\" alt=\"\" width=\"300\" height=\"88\" srcset=\"https:\/\/bengardies.fr\/wp-content\/uploads\/2023\/10\/Logo22-300x88.png 300w, https:\/\/bengardies.fr\/wp-content\/uploads\/2023\/10\/Logo22.png 500w\" sizes=\"auto, (max-width: 300px) 100vw, 300px\" \/><img loading=\"lazy\" decoding=\"async\" class=\"alignnone size-medium wp-image-1094\" src=\"https:\/\/bengardies.fr\/wp-content\/uploads\/2023\/10\/Logo-clients22-2.png\" alt=\"\" width=\"200\" height=\"84\" \/><img loading=\"lazy\" decoding=\"async\" class=\"alignnone size-medium wp-image-1081\" src=\"https:\/\/bengardies.fr\/wp-content\/uploads\/2023\/10\/Logo-clients9-2.png\" alt=\"\" width=\"200\" height=\"124\" \/><img loading=\"lazy\" decoding=\"async\" class=\"alignnone size-medium wp-image-1096\" src=\"https:\/\/bengardies.fr\/wp-content\/uploads\/2023\/10\/Logo-clients24-2.png\" alt=\"\" width=\"200\" height=\"183\" \/><img loading=\"lazy\" decoding=\"async\" class=\"alignnone size-medium wp-image-1076\" src=\"https:\/\/bengardies.fr\/wp-content\/uploads\/2023\/10\/Logo-clients4-2.png\" alt=\"\" width=\"200\" height=\"60\" \/><img loading=\"lazy\" decoding=\"async\" class=\"alignnone size-medium wp-image-1085\" src=\"https:\/\/bengardies.fr\/wp-content\/uploads\/2023\/10\/Logo-clients13-2.png\" alt=\"\" width=\"200\" height=\"132\" \/><img loading=\"lazy\" decoding=\"async\" class=\"alignnone size-medium wp-image-1079\" src=\"https:\/\/bengardies.fr\/wp-content\/uploads\/2023\/10\/Logo-clients7-2.png\" alt=\"\" width=\"200\" height=\"181\" \/><img loading=\"lazy\" decoding=\"async\" class=\"alignnone size-medium wp-image-1077\" src=\"https:\/\/bengardies.fr\/wp-content\/uploads\/2023\/10\/Logo-clients5-2.png\" alt=\"\" width=\"200\" height=\"183\" \/><img loading=\"lazy\" decoding=\"async\" class=\"alignnone size-medium wp-image-1075\" src=\"https:\/\/bengardies.fr\/wp-content\/uploads\/2023\/10\/Logo-clients3-2.png\" alt=\"\" width=\"200\" height=\"105\" \/><img loading=\"lazy\" decoding=\"async\" class=\"alignnone size-medium wp-image-1074\" src=\"https:\/\/bengardies.fr\/wp-content\/uploads\/2023\/10\/Logo-clients2-2.png\" alt=\"\" width=\"200\" height=\"147\" \/><img loading=\"lazy\" decoding=\"async\" class=\"alignnone size-full wp-image-1073\" src=\"https:\/\/bengardies.fr\/wp-content\/uploads\/2023\/10\/Logo-clients1-2.png\" alt=\"\" width=\"200\" height=\"99\" \/><\/p>\n<p dir=\"ltr\" style=\"text-align: center;\" data-placeholder=\"Translation\">[\/vc_column_text][\/vc_column][\/vc_row]<\/p>\n","protected":false},"excerpt":{"rendered":"<p>[vc_row cth_layout=&#8221;aboutme_sec&#8221;][vc_column offset=&#8221;vc_col-md-5&#8243;][vc_single_image image=&#8221;900&#8243; img_size=&#8221;medium&#8221; alignment=&#8221;right&#8221; style=&#8221;vc_box_shadow_border_circle_2&#8243;][\/vc_column][vc_column css_animation=&#8221;fadeIn&#8221; offset=&#8221;vc_col-md-6&#8243;][vc_column_text] Photographe d&#8217;architecture et d&#8217;int\u00e9rieur Bas\u00e9 \u00e0 Paris et disponible \u00e0 l&#8217;\u00e9tranger, Benjamin Gardies est sp\u00e9cialis\u00e9 dans la documentation de l&#8217;environnement b\u00e2ti, des espaces int\u00e9rieurs et des projets de construction pour une client\u00e8le diversifi\u00e9e d&#8216;architectes et de designers professionnels. Benjamin offre une vision unique de l&#8217;architecture. Avec [&hellip;]<\/p>\n","protected":false},"author":1,"featured_media":0,"parent":0,"menu_order":0,"comment_status":"closed","ping_status":"closed","template":"homepage.php","meta":{"_monsterinsights_skip_tracking":false,"_monsterinsights_sitenote_active":false,"_monsterinsights_sitenote_note":"","_monsterinsights_sitenote_category":0,"footnotes":""},"class_list":["post-194","page","type-page","status-publish","hentry"],"aioseo_notices":[],"_links":{"self":[{"href":"https:\/\/bengardies.fr\/index.php?rest_route=\/wp\/v2\/pages\/194","targetHints":{"allow":["GET"]}}],"collection":[{"href":"https:\/\/bengardies.fr\/index.php?rest_route=\/wp\/v2\/pages"}],"about":[{"href":"https:\/\/bengardies.fr\/index.php?rest_route=\/wp\/v2\/types\/page"}],"author":[{"embeddable":true,"href":"https:\/\/bengardies.fr\/index.php?rest_route=\/wp\/v2\/users\/1"}],"replies":[{"embeddable":true,"href":"https:\/\/bengardies.fr\/index.php?rest_route=%2Fwp%2Fv2%2Fcomments&post=194"}],"version-history":[{"count":49,"href":"https:\/\/bengardies.fr\/index.php?rest_route=\/wp\/v2\/pages\/194\/revisions"}],"predecessor-version":[{"id":1144,"href":"https:\/\/bengardies.fr\/index.php?rest_route=\/wp\/v2\/pages\/194\/revisions\/1144"}],"wp:attachment":[{"href":"https:\/\/bengardies.fr\/index.php?rest_route=%2Fwp%2Fv2%2Fmedia&parent=194"}],"curies":[{"name":"wp","href":"https:\/\/api.w.org\/{rel}","templated":true}]}}