{"id":202,"date":"2015-10-29T09:47:51","date_gmt":"2015-10-29T09:47:51","guid":{"rendered":"http:\/\/demowp.cththemes.net\/outdoor\/?page_id=202"},"modified":"2022-03-10T10:23:57","modified_gmt":"2022-03-10T10:23:57","slug":"about-us","status":"publish","type":"page","link":"https:\/\/bengardies.fr\/?page_id=202","title":{"rendered":"Event"},"content":{"rendered":"<p>[vc_row full_width=&#8221;stretch_row&#8221; cth_layout=&#8221;parallax_sec&#8221; css=&#8221;.vc_custom_1646906698843{background-image: url(https:\/\/bengardies.fr\/wp-content\/uploads\/2015\/11\/web-corp18.jpg?id=761) !important;}&#8221;][vc_column][vc_column_text]<\/p>\n<h2><\/h2>\n<div class=\"separator-image\"><\/div>\n<p>[\/vc_column_text][\/vc_column][\/vc_row][vc_row cth_layout=&#8221;leftimage_sec&#8221; left_bg_img=&#8221;11&#8243; el_id=&#8221;sec1&#8243; css=&#8221;.vc_custom_1646906660143{background-image: url(https:\/\/bengardies.fr\/wp-content\/uploads\/2022\/03\/conf-web-scaled.jpg?id=849) !important;}&#8221;][vc_column][vc_column_text css_animation=&#8221;fadeIn&#8221;]<\/p>\n<h2><span style=\"color: #808080;\"><em><span class=\"Y2IQFc\" lang=\"fr\">G\u00c9N\u00c9RER DES IMAGES PUISSANTES QUI ILLUSTRENT LE BUZZ DE VOTRE \u00c9V\u00c9NEMENT.<\/span><\/em><\/span><\/h2>\n<p>[\/vc_column_text][\/vc_column][\/vc_row][vc_row cth_layout=&#8221;page_sec&#8221; el_id=&#8221;sec3&#8243;][vc_column css=&#8221;.vc_custom_1446216956105{margin-bottom: 50px !important;}&#8221;][vc_column_text]<\/p>\n<h3><\/h3>\n<p><span class=\"Y2IQFc\" lang=\"fr\">Benjamin est un photographe de conf\u00e9rence \u00e9tabli, bas\u00e9 \u00e0 Paris. Avec une grande experience au Royaume uni, il adapte chaque travail \u00e0 votre dossier individuel, produisant une collection diversifi\u00e9e d&#8217;images qui peuvent \u00eatre utilis\u00e9es dans de futures campagnes de marketing et de relations publiques.<\/span><\/p>\n<p><span class=\"Y2IQFc\" lang=\"fr\">SERVICE RAPIDE DISPONIBLE Tout d\u00e9lai demand\u00e9, y compris la livraison sur site\/le lendemain de vos images. Benjamin travaille \u00e9galement avec une \u00e9quipe de vid\u00e9astes et de monteurs pour cr\u00e9er du contenu vid\u00e9o.<\/span><\/p>\n<h2 class=\"separator-image\"><\/h2>\n<p>[\/vc_column_text][vc_column_text]<\/p>\n<h2 style=\"text-align: center;\">Services<\/h2>\n<h2 class=\"separator-image\"><img loading=\"lazy\" decoding=\"async\" class=\"alignnone size-full wp-image-154 aligncenter\" src=\"https:\/\/bengardies.fr\/wp-content\/uploads\/2015\/10\/separator21-2.png\" alt=\"separator2\" width=\"42\" height=\"8\" \/><\/h2>\n<p>[\/vc_column_text][\/vc_column][vc_column width=&#8221;1\/3&#8243; css=&#8221;.vc_custom_1446216982439{padding-top: 20px !important;padding-bottom: 20px !important;}&#8221;][outdoor_member name=&#8221;ENTREPRISE&#8221; job=&#8221;<\/p>\n<h3>Photographe d&#8217;entreprise de premier plan, travaillant avec des clients comme HSBC, Expedia et LinkedIn depuis quinze ans pour photographier des conf\u00e9rences, des \u00e9v\u00e9nements d&#8217;entreprise internes et des c\u00e9r\u00e9monies de remise de prix.<br \/>\nIl utilise son exp\u00e9rience pour fournir constamment des images dynamiques qui illustrent l&#8217;innovation de votre \u00e9v\u00e9nement d&#8217;entreprise.<\/h3>\n<p>&#8221; photo=&#8221;773&#8243;][\/outdoor_member][\/vc_column][vc_column width=&#8221;1\/3&#8243; css=&#8221;.vc_custom_1446216988210{padding-top: 20px !important;padding-bottom: 20px !important;}&#8221;][outdoor_member name=&#8221;RELATION PRESSE&#8221; job=&#8221;<\/p>\n<h3>L&#8217;imagerie est cruciale pour une strat\u00e9gie de relations publiques moderne, en tant que photographe de relations publiques \u00e9tabli, Benjamin cr\u00e9e un contenu visuel fort pour aider \u00e0 augmenter l&#8217;exposition de votre \u00e9v\u00e9nement de relations publiques.<br \/>\nBenjamin collabore fr\u00e9quemment avec des marques sur des projets de photographie de relations publiques, contribuant ainsi \u00e0 accro\u00eetre la notori\u00e9t\u00e9 de leur marque.<\/h3>\n<p>&#8221; photo=&#8221;769&#8243;][\/outdoor_member][\/vc_column][vc_column width=&#8221;1\/3&#8243; css=&#8221;.vc_custom_1446216994430{padding-top: 20px !important;padding-bottom: 20px !important;}&#8221;][outdoor_member name=&#8221;CONFERENCE&#8221; job=&#8221;<\/p>\n<h3>Photographe de conf\u00e9rence \u00e9tabli, bas\u00e9 \u00e0 Paris.<br \/>\nBenjamin travaille r\u00e9guli\u00e8rement avec les organisateurs et les sponsors de conf\u00e9rences<br \/>\nIl adapte chaque travail \u00e0 votre dossier individuel, produisant une collection diversifi\u00e9e d&#8217;images qui peuvent \u00eatre utilis\u00e9es dans de futures campagnes de marketing et de relations publiques.<\/h3>\n<p>&#8221; photo=&#8221;764&#8243;][\/outdoor_member][\/vc_column][\/vc_row][vc_row cth_layout=&#8221;page_sec&#8221;][vc_column css=&#8221;.vc_custom_1446216956105{margin-bottom: 50px !important;}&#8221;][vc_column_text][\/vc_column_text][vc_gallery interval=&#8221;3&#8243; images=&#8221;774,772,771,770,767,766,765,760,866,865,863&#8243; img_size=&#8221;full&#8221;][\/vc_column][\/vc_row][vc_row cth_layout=&#8221;page_sec&#8221; css=&#8221;.vc_custom_1446561703006{padding-top: 30px !important;padding-bottom: 30px !important;}&#8221; el_class=&#8221;order-holder&#8221;][vc_column offset=&#8221;vc_col-md-8&#8243;][vc_column_text]<\/p>\n<h3>Demandez un devis \u00a0Tel: 0787260461<\/h3>\n<p>[\/vc_column_text][\/vc_column][vc_column offset=&#8221;vc_col-md-3&#8243;][vc_column_text]<a class=\" btn anim-button trans-btn transition fl-l\" href=\"http:\/\/demowp.cththemes.net\/outdoor\/contact\/\"><span class=\"no-rep\">Nous contacter<\/span><i class=\"fa fa-envelope-o\"><\/i><\/a>[\/vc_column_text][\/vc_column][\/vc_row][vc_row cth_layout=&#8221;parallax_sec2&#8243; el_id=&#8221;sec5&#8243; css=&#8221;.vc_custom_1646907797654{background-image: url(https:\/\/bengardies.fr\/wp-content\/uploads\/2022\/03\/london_event_photographer_19.jpg?id=864) !important;}&#8221;][vc_column][vc_column_text]<\/p>\n<h2>INCLUS AVEC CHAQUE R\u00c9SERVATION Vos images \u00e9dit\u00e9es par des professionnels vous seront envoy\u00e9es dans les 48 heures suivant le travail dans une galerie en ligne t\u00e9l\u00e9chargeable gratuitement que vous pourrez partager avec vos clients et coll\u00e8gues.<\/h2>\n<div class=\"separator-image\"><img loading=\"lazy\" decoding=\"async\" class=\"alignnone size-full wp-image-13\" src=\"https:\/\/bengardies.fr\/wp-content\/uploads\/2015\/10\/separator1-2.png\" alt=\"separator\" width=\"42\" height=\"8\" \/><\/div>\n<p>[\/vc_column_text][\/vc_column][\/vc_row]<\/p>\n","protected":false},"excerpt":{"rendered":"<p>[vc_row full_width=&#8221;stretch_row&#8221; cth_layout=&#8221;parallax_sec&#8221; css=&#8221;.vc_custom_1646906698843{background-image: url(https:\/\/bengardies.fr\/wp-content\/uploads\/2015\/11\/web-corp18.jpg?id=761) !important;}&#8221;][vc_column][vc_column_text] [\/vc_column_text][\/vc_column][\/vc_row][vc_row cth_layout=&#8221;leftimage_sec&#8221; left_bg_img=&#8221;11&#8243; el_id=&#8221;sec1&#8243; css=&#8221;.vc_custom_1646906660143{background-image: url(https:\/\/bengardies.fr\/wp-content\/uploads\/2022\/03\/conf-web-scaled.jpg?id=849) !important;}&#8221;][vc_column][vc_column_text css_animation=&#8221;fadeIn&#8221;] G\u00c9N\u00c9RER DES IMAGES PUISSANTES QUI ILLUSTRENT LE BUZZ DE VOTRE \u00c9V\u00c9NEMENT. [\/vc_column_text][\/vc_column][\/vc_row][vc_row cth_layout=&#8221;page_sec&#8221; el_id=&#8221;sec3&#8243;][vc_column css=&#8221;.vc_custom_1446216956105{margin-bottom: 50px !important;}&#8221;][vc_column_text] Benjamin est un photographe de conf\u00e9rence \u00e9tabli, bas\u00e9 \u00e0 Paris. Avec une grande experience au Royaume uni, il adapte chaque travail \u00e0 votre dossier [&hellip;]<\/p>\n","protected":false},"author":1,"featured_media":0,"parent":0,"menu_order":0,"comment_status":"closed","ping_status":"closed","template":"homepage.php","meta":{"_monsterinsights_skip_tracking":false,"_monsterinsights_sitenote_active":false,"_monsterinsights_sitenote_note":"","_monsterinsights_sitenote_category":0,"footnotes":""},"class_list":["post-202","page","type-page","status-publish","hentry"],"aioseo_notices":[],"_links":{"self":[{"href":"https:\/\/bengardies.fr\/index.php?rest_route=\/wp\/v2\/pages\/202","targetHints":{"allow":["GET"]}}],"collection":[{"href":"https:\/\/bengardies.fr\/index.php?rest_route=\/wp\/v2\/pages"}],"about":[{"href":"https:\/\/bengardies.fr\/index.php?rest_route=\/wp\/v2\/types\/page"}],"author":[{"embeddable":true,"href":"https:\/\/bengardies.fr\/index.php?rest_route=\/wp\/v2\/users\/1"}],"replies":[{"embeddable":true,"href":"https:\/\/bengardies.fr\/index.php?rest_route=%2Fwp%2Fv2%2Fcomments&post=202"}],"version-history":[{"count":62,"href":"https:\/\/bengardies.fr\/index.php?rest_route=\/wp\/v2\/pages\/202\/revisions"}],"predecessor-version":[{"id":870,"href":"https:\/\/bengardies.fr\/index.php?rest_route=\/wp\/v2\/pages\/202\/revisions\/870"}],"wp:attachment":[{"href":"https:\/\/bengardies.fr\/index.php?rest_route=%2Fwp%2Fv2%2Fmedia&parent=202"}],"curies":[{"name":"wp","href":"https:\/\/api.w.org\/{rel}","templated":true}]}}